{"id":2560,"date":"2025-04-14T16:42:05","date_gmt":"2025-04-14T16:42:05","guid":{"rendered":"https:\/\/prueba.gurathedrop.com\/?page_id=2560"},"modified":"2025-06-01T10:45:48","modified_gmt":"2025-06-01T10:45:48","slug":"sobre-nosotros","status":"publish","type":"page","link":"https:\/\/gurathedrop.com\/es\/sobre-nosotros\/","title":{"rendered":"Sobre nosotros"},"content":{"rendered":"\t\t<div data-elementor-type=\"wp-page\" data-elementor-id=\"2560\" class=\"elementor elementor-2560\" data-elementor-post-type=\"page\">\n\t\t\t\t<div class=\"elementor-element elementor-element-3191c69 e-flex e-con-boxed e-con e-parent\" data-id=\"3191c69\" data-element_type=\"container\" data-settings=\"{&quot;background_background&quot;:&quot;classic&quot;}\">\n\t\t\t\t\t<div class=\"e-con-inner\">\n\t\t\t\t<div class=\"elementor-element elementor-element-99f74d8 elementor-widget elementor-widget-heading\" data-id=\"99f74d8\" data-element_type=\"widget\" data-widget_type=\"heading.default\">\n\t\t\t\t<div class=\"elementor-widget-container\">\n\t\t\t\t\t<h2 class=\"elementor-heading-title elementor-size-default\">SOBRE NOSOTROS<\/h2>\t\t\t\t<\/div>\n\t\t\t\t<\/div>\n\t\t\t\t\t<\/div>\n\t\t\t\t<\/div>\n\t\t<div class=\"elementor-element elementor-element-11a087fe e-con-full e-flex e-con e-parent\" data-id=\"11a087fe\" data-element_type=\"container\">\n\t\t<div class=\"elementor-element elementor-element-b0deb40 e-con-full e-flex e-con e-child\" data-id=\"b0deb40\" data-element_type=\"container\">\n\t\t\t\t<div class=\"elementor-element elementor-element-bac8cba elementor-widget elementor-widget-heading\" data-id=\"bac8cba\" data-element_type=\"widget\" data-widget_type=\"heading.default\">\n\t\t\t\t<div class=\"elementor-widget-container\">\n\t\t\t\t\t<h2 class=\"elementor-heading-title elementor-size-default\">LEGADO<\/h2>\t\t\t\t<\/div>\n\t\t\t\t<\/div>\n\t\t<div class=\"elementor-element elementor-element-d5a083c e-grid e-con-full e-con e-child\" data-id=\"d5a083c\" data-element_type=\"container\">\n\t\t\t\t<div class=\"elementor-element elementor-element-5e22bf9 elementor-widget elementor-widget-image\" data-id=\"5e22bf9\" data-element_type=\"widget\" data-widget_type=\"image.default\">\n\t\t\t\t<div class=\"elementor-widget-container\">\n\t\t\t\t\t\t\t\t\t\t\t\t\t\t\t<img fetchpriority=\"high\" decoding=\"async\" width=\"768\" height=\"1024\" src=\"https:\/\/gurathedrop.com\/wp-content\/uploads\/2025\/05\/IMG_2880-768x1024.jpg\" class=\"attachment-large size-large wp-image-2736\" alt=\"\" srcset=\"https:\/\/gurathedrop.com\/wp-content\/uploads\/2025\/05\/IMG_2880-768x1024.jpg 768w, https:\/\/gurathedrop.com\/wp-content\/uploads\/2025\/05\/IMG_2880-scaled-600x800.jpg 600w, https:\/\/gurathedrop.com\/wp-content\/uploads\/2025\/05\/IMG_2880-225x300.jpg 225w, https:\/\/gurathedrop.com\/wp-content\/uploads\/2025\/05\/IMG_2880-1152x1536.jpg 1152w, https:\/\/gurathedrop.com\/wp-content\/uploads\/2025\/05\/IMG_2880-1536x2048.jpg 1536w, https:\/\/gurathedrop.com\/wp-content\/uploads\/2025\/05\/IMG_2880-scaled.jpg 1920w\" sizes=\"(max-width: 768px) 100vw, 768px\" \/>\t\t\t\t\t\t\t\t\t\t\t\t\t\t\t<\/div>\n\t\t\t\t<\/div>\n\t\t\t\t<div class=\"elementor-element elementor-element-ee7569e elementor-widget elementor-widget-text-editor\" data-id=\"ee7569e\" data-element_type=\"widget\" data-widget_type=\"text-editor.default\">\n\t\t\t\t<div class=\"elementor-widget-container\">\n\t\t\t\t\t\t\t\t\t<p><strong>Dise\u00f1ada para romper las reglas.<\/strong><\/p><p>Durante d\u00e9cadas, el dise\u00f1o de tablas de surf ha estado marcado por la tradici\u00f3n, y con raz\u00f3n. Ese legado nos ha tra\u00eddo hasta aqu\u00ed. Pero al igual que Andy Irons cambi\u00f3 la forma de entender el surf, creemos que ha llegado el momento de impulsar el dise\u00f1o de tablas hacia una nueva era. Honrando el pasado, construyendo el futuro.<\/p><p>GURA naci\u00f3 con una obsesi\u00f3n: llevar el rendimiento hidrodin\u00e1mico de las tablas al l\u00edmite en olas grandes, uniendo pasi\u00f3n y ciencia.<\/p><p>Todo empez\u00f3 en casa, con las m\u00ednimas herramientas y la m\u00e1xima curiosidad, cuando cuatro amigos, unidos por el surf y la innovaci\u00f3n, decidieron desafiar el statu quo.<\/p><p>Actuamente, ese esp\u00edritu artesanal sigue estando en nuestra esencia, ahora elevado por la ingenier\u00eda, la precisi\u00f3n y las olas legendarias.<\/p>\t\t\t\t\t\t\t\t<\/div>\n\t\t\t\t<\/div>\n\t\t\t\t<\/div>\n\t\t\t\t<\/div>\n\t\t<div class=\"elementor-element elementor-element-24b84f8 e-con-full e-flex e-con e-child\" data-id=\"24b84f8\" data-element_type=\"container\">\n\t\t\t\t<div class=\"elementor-element elementor-element-83a4983 elementor-widget elementor-widget-heading\" data-id=\"83a4983\" data-element_type=\"widget\" data-widget_type=\"heading.default\">\n\t\t\t\t<div class=\"elementor-widget-container\">\n\t\t\t\t\t<h2 class=\"elementor-heading-title elementor-size-default\">VISI\u00d3N<\/h2>\t\t\t\t<\/div>\n\t\t\t\t<\/div>\n\t\t<div class=\"elementor-element elementor-element-fcdb48b e-grid e-con-full e-con e-child\" data-id=\"fcdb48b\" data-element_type=\"container\">\n\t\t\t\t<div class=\"elementor-element elementor-element-32dc6b5 elementor-widget elementor-widget-text-editor\" data-id=\"32dc6b5\" data-element_type=\"widget\" data-widget_type=\"text-editor.default\">\n\t\t\t\t<div class=\"elementor-widget-container\">\n\t\t\t\t\t\t\t\t\t<p><strong>Tecnolog\u00eda al servicio de la ola.<\/strong><\/p><p>Las tablas de surf nacieron del instinto. Estamos aqu\u00ed para hacer evolucionar ese instinto con ingenier\u00eda, an\u00e1lisis y pruebas de rendimiento.<\/p><p>Utilizamos simulaciones de<strong> tecnolog\u00eda de fluidos computacional (CFD)<\/strong> para probar cada dise\u00f1o en m\u00faltiples condiciones antes de construir cualquier tabla. Esto nos permite ajustar la hidrodin\u00e1mica con precisi\u00f3n en cada curva, rail y rocker.<\/p>\t\t\t\t\t\t\t\t<\/div>\n\t\t\t\t<\/div>\n\t\t\t\t<div class=\"elementor-element elementor-element-6b64982 elementor-widget elementor-widget-image\" data-id=\"6b64982\" data-element_type=\"widget\" data-widget_type=\"image.default\">\n\t\t\t\t<div class=\"elementor-widget-container\">\n\t\t\t\t\t\t\t\t\t\t\t\t\t\t\t<img decoding=\"async\" width=\"768\" height=\"1365\" src=\"https:\/\/gurathedrop.com\/wp-content\/uploads\/2025\/04\/laminando1_web-768x1365.png\" class=\"attachment-medium_large size-medium_large wp-image-2495\" alt=\"\" srcset=\"https:\/\/gurathedrop.com\/wp-content\/uploads\/2025\/04\/laminando1_web-768x1365.png 768w, https:\/\/gurathedrop.com\/wp-content\/uploads\/2025\/04\/laminando1_web-600x1067.png 600w, https:\/\/gurathedrop.com\/wp-content\/uploads\/2025\/04\/laminando1_web-169x300.png 169w, https:\/\/gurathedrop.com\/wp-content\/uploads\/2025\/04\/laminando1_web-576x1024.png 576w, https:\/\/gurathedrop.com\/wp-content\/uploads\/2025\/04\/laminando1_web-864x1536.png 864w, https:\/\/gurathedrop.com\/wp-content\/uploads\/2025\/04\/laminando1_web.png 1080w\" sizes=\"(max-width: 768px) 100vw, 768px\" \/>\t\t\t\t\t\t\t\t\t\t\t\t\t\t\t<\/div>\n\t\t\t\t<\/div>\n\t\t\t\t<\/div>\n\t\t\t\t<\/div>\n\t\t<div class=\"elementor-element elementor-element-21fcf15 e-con-full e-flex e-con e-child\" data-id=\"21fcf15\" data-element_type=\"container\">\n\t\t\t\t<div class=\"elementor-element elementor-element-c8fa45b elementor-widget elementor-widget-heading\" data-id=\"c8fa45b\" data-element_type=\"widget\" data-widget_type=\"heading.default\">\n\t\t\t\t<div class=\"elementor-widget-container\">\n\t\t\t\t\t<h2 class=\"elementor-heading-title elementor-size-default\">PROCESO<\/h2>\t\t\t\t<\/div>\n\t\t\t\t<\/div>\n\t\t<div class=\"elementor-element elementor-element-a2048e9 e-grid e-con-full e-con e-child\" data-id=\"a2048e9\" data-element_type=\"container\">\n\t\t\t\t<div class=\"elementor-element elementor-element-1744e8f elementor-widget elementor-widget-image\" data-id=\"1744e8f\" data-element_type=\"widget\" data-widget_type=\"image.default\">\n\t\t\t\t<div class=\"elementor-widget-container\">\n\t\t\t\t\t\t\t\t\t\t\t\t\t\t\t<img decoding=\"async\" width=\"768\" height=\"1024\" src=\"https:\/\/gurathedrop.com\/wp-content\/uploads\/2025\/05\/IMG_2949-768x1024.jpg\" class=\"attachment-large size-large wp-image-2737\" alt=\"\" srcset=\"https:\/\/gurathedrop.com\/wp-content\/uploads\/2025\/05\/IMG_2949-768x1024.jpg 768w, https:\/\/gurathedrop.com\/wp-content\/uploads\/2025\/05\/IMG_2949-scaled-600x800.jpg 600w, https:\/\/gurathedrop.com\/wp-content\/uploads\/2025\/05\/IMG_2949-225x300.jpg 225w, https:\/\/gurathedrop.com\/wp-content\/uploads\/2025\/05\/IMG_2949-1152x1536.jpg 1152w, https:\/\/gurathedrop.com\/wp-content\/uploads\/2025\/05\/IMG_2949-1536x2048.jpg 1536w, https:\/\/gurathedrop.com\/wp-content\/uploads\/2025\/05\/IMG_2949-scaled.jpg 1920w\" sizes=\"(max-width: 768px) 100vw, 768px\" \/>\t\t\t\t\t\t\t\t\t\t\t\t\t\t\t<\/div>\n\t\t\t\t<\/div>\n\t\t\t\t<div class=\"elementor-element elementor-element-ceb66d4 elementor-widget elementor-widget-text-editor\" data-id=\"ceb66d4\" data-element_type=\"widget\" data-widget_type=\"text-editor.default\">\n\t\t\t\t<div class=\"elementor-widget-container\">\n\t\t\t\t\t\t\t\t\t<p><strong data-start=\"1346\" data-end=\"1400\">Construidas para m\u00e1s.<\/strong><\/p><p>Utilizamos los blanks de mayor calidad disponible, porque el rendimiento comienza en el n\u00facleo.<\/p><p>Nuestras tablas de gama m\u00e1s alta tienen fibra de basalto, un material a base de roca volc\u00e1nica que supera a la fibra de vidrio tradicional, ofreciendo una mejor flexi\u00f3n, una mayor durabilidad y una mayor respuesta de la tabla a la hora de surfear.<\/p><p>Durante la producci\u00f3n, seguimos el dise\u00f1o t\u00e9cnico en todo momento para asegurar que cada tabla se fabrica con precisi\u00f3n milim\u00e9trica, exactamente como fue dise\u00f1ada.<\/p>\t\t\t\t\t\t\t\t<\/div>\n\t\t\t\t<\/div>\n\t\t\t\t<\/div>\n\t\t\t\t<\/div>\n\t\t\t\t<\/div>\n\t\t\t\t<\/div>\n\t\t","protected":false},"excerpt":{"rendered":"<p>SOBRE NOSOTROS LEGADO Dise\u00f1ada para romper las reglas. Durante d\u00e9cadas, el dise\u00f1o de tablas de surf ha estado marcado por la tradici\u00f3n, y con raz\u00f3n. Ese legado nos ha tra\u00eddo hasta aqu\u00ed. Pero al igual que Andy Irons cambi\u00f3 la forma de entender el surf, creemos que ha llegado el momento de impulsar el dise\u00f1o [&hellip;]<\/p>\n","protected":false},"author":1,"featured_media":0,"parent":0,"menu_order":0,"comment_status":"closed","ping_status":"closed","template":"","meta":{"site-sidebar-layout":"no-sidebar","site-content-layout":"page-builder","ast-site-content-layout":"full-width-container","site-content-style":"default","site-sidebar-style":"default","ast-global-header-display":"","ast-banner-title-visibility":"","ast-main-header-display":"","ast-hfb-above-header-display":"","ast-hfb-below-header-display":"","ast-hfb-mobile-header-display":"","site-post-title":"disabled","ast-breadcrumbs-content":"","ast-featured-img":"disabled","footer-sml-layout":"","theme-transparent-header-meta":"","adv-header-id-meta":"","stick-header-meta":"","header-above-stick-meta":"","header-main-stick-meta":"","header-below-stick-meta":"","astra-migrate-meta-layouts":"set","ast-page-background-enabled":"default","ast-page-background-meta":{"desktop":{"background-color":"","background-image":"","background-repeat":"repeat","background-position":"center center","background-size":"auto","background-attachment":"scroll","background-type":"","background-media":"","overlay-type":"","overlay-color":"","overlay-opacity":"","overlay-gradient":""},"tablet":{"background-color":"","background-image":"","background-repeat":"repeat","background-position":"center center","background-size":"auto","background-attachment":"scroll","background-type":"","background-media":"","overlay-type":"","overlay-color":"","overlay-opacity":"","overlay-gradient":""},"mobile":{"background-color":"","background-image":"","background-repeat":"repeat","background-position":"center center","background-size":"auto","background-attachment":"scroll","background-type":"","background-media":"","overlay-type":"","overlay-color":"","overlay-opacity":"","overlay-gradient":""}},"ast-content-background-meta":{"desktop":{"background-color":"var(--ast-global-color-5)","background-image":"","background-repeat":"repeat","background-position":"center center","background-size":"auto","background-attachment":"scroll","background-type":"","background-media":"","overlay-type":"","overlay-color":"","overlay-opacity":"","overlay-gradient":""},"tablet":{"background-color":"var(--ast-global-color-5)","background-image":"","background-repeat":"repeat","background-position":"center center","background-size":"auto","background-attachment":"scroll","background-type":"","background-media":"","overlay-type":"","overlay-color":"","overlay-opacity":"","overlay-gradient":""},"mobile":{"background-color":"var(--ast-global-color-5)","background-image":"","background-repeat":"repeat","background-position":"center center","background-size":"auto","background-attachment":"scroll","background-type":"","background-media":"","overlay-type":"","overlay-color":"","overlay-opacity":"","overlay-gradient":""}},"footnotes":""},"class_list":["post-2560","page","type-page","status-publish","hentry"],"yoast_head":"<!-- This site is optimized with the Yoast SEO plugin v25.1 - https:\/\/yoast.com\/wordpress\/plugins\/seo\/ -->\n<title>Sobre nosotros - GURA<\/title>\n<meta name=\"robots\" content=\"index, follow, max-snippet:-1, max-image-preview:large, max-video-preview:-1\" \/>\n<link rel=\"canonical\" href=\"https:\/\/gurathedrop.com\/es\/sobre-nosotros\/\" \/>\n<meta property=\"og:locale\" content=\"es_ES\" \/>\n<meta property=\"og:type\" content=\"article\" \/>\n<meta property=\"og:title\" content=\"Sobre nosotros - GURA\" \/>\n<meta property=\"og:description\" content=\"SOBRE NOSOTROS LEGADO Dise\u00f1ada para romper las reglas. Durante d\u00e9cadas, el dise\u00f1o de tablas de surf ha estado marcado por la tradici\u00f3n, y con raz\u00f3n. Ese legado nos ha tra\u00eddo hasta aqu\u00ed. Pero al igual que Andy Irons cambi\u00f3 la forma de entender el surf, creemos que ha llegado el momento de impulsar el dise\u00f1o [&hellip;]\" \/>\n<meta property=\"og:url\" content=\"https:\/\/gurathedrop.com\/es\/sobre-nosotros\/\" \/>\n<meta property=\"og:site_name\" content=\"GURA\" \/>\n<meta property=\"article:modified_time\" content=\"2025-06-01T10:45:48+00:00\" \/>\n<meta property=\"og:image\" content=\"https:\/\/gurathedrop.com\/wp-content\/uploads\/2025\/05\/IMG_2880-scaled.jpg\" \/>\n\t<meta property=\"og:image:width\" content=\"1920\" \/>\n\t<meta property=\"og:image:height\" content=\"2560\" \/>\n\t<meta property=\"og:image:type\" content=\"image\/jpeg\" \/>\n<meta name=\"twitter:card\" content=\"summary_large_image\" \/>\n<meta name=\"twitter:label1\" content=\"Tiempo de lectura\" \/>\n\t<meta name=\"twitter:data1\" content=\"2 minutos\" \/>\n<script type=\"application\/ld+json\" class=\"yoast-schema-graph\">{\"@context\":\"https:\/\/schema.org\",\"@graph\":[{\"@type\":\"WebPage\",\"@id\":\"https:\/\/gurathedrop.com\/sobre-nosotros\/\",\"url\":\"https:\/\/gurathedrop.com\/sobre-nosotros\/\",\"name\":\"Sobre nosotros - GURA\",\"isPartOf\":{\"@id\":\"https:\/\/gurathedrop.com\/#website\"},\"primaryImageOfPage\":{\"@id\":\"https:\/\/gurathedrop.com\/sobre-nosotros\/#primaryimage\"},\"image\":{\"@id\":\"https:\/\/gurathedrop.com\/sobre-nosotros\/#primaryimage\"},\"thumbnailUrl\":\"https:\/\/gurathedrop.com\/wp-content\/uploads\/2025\/05\/IMG_2880-768x1024.jpg\",\"datePublished\":\"2025-04-14T16:42:05+00:00\",\"dateModified\":\"2025-06-01T10:45:48+00:00\",\"breadcrumb\":{\"@id\":\"https:\/\/gurathedrop.com\/sobre-nosotros\/#breadcrumb\"},\"inLanguage\":\"es\",\"potentialAction\":[{\"@type\":\"ReadAction\",\"target\":[\"https:\/\/gurathedrop.com\/sobre-nosotros\/\"]}]},{\"@type\":\"ImageObject\",\"inLanguage\":\"es\",\"@id\":\"https:\/\/gurathedrop.com\/sobre-nosotros\/#primaryimage\",\"url\":\"https:\/\/gurathedrop.com\/wp-content\/uploads\/2025\/05\/IMG_2880-768x1024.jpg\",\"contentUrl\":\"https:\/\/gurathedrop.com\/wp-content\/uploads\/2025\/05\/IMG_2880-768x1024.jpg\"},{\"@type\":\"BreadcrumbList\",\"@id\":\"https:\/\/gurathedrop.com\/sobre-nosotros\/#breadcrumb\",\"itemListElement\":[{\"@type\":\"ListItem\",\"position\":1,\"name\":\"Portada\",\"item\":\"https:\/\/gurathedrop.com\/\"},{\"@type\":\"ListItem\",\"position\":2,\"name\":\"Sobre nosotros\"}]},{\"@type\":\"WebSite\",\"@id\":\"https:\/\/gurathedrop.com\/#website\",\"url\":\"https:\/\/gurathedrop.com\/\",\"name\":\"GURA\",\"description\":\"\",\"publisher\":{\"@id\":\"https:\/\/gurathedrop.com\/#organization\"},\"potentialAction\":[{\"@type\":\"SearchAction\",\"target\":{\"@type\":\"EntryPoint\",\"urlTemplate\":\"https:\/\/gurathedrop.com\/?s={search_term_string}\"},\"query-input\":{\"@type\":\"PropertyValueSpecification\",\"valueRequired\":true,\"valueName\":\"search_term_string\"}}],\"inLanguage\":\"es\"},{\"@type\":\"Organization\",\"@id\":\"https:\/\/gurathedrop.com\/#organization\",\"name\":\"GURA\",\"url\":\"https:\/\/gurathedrop.com\/\",\"logo\":{\"@type\":\"ImageObject\",\"inLanguage\":\"es\",\"@id\":\"https:\/\/gurathedrop.com\/#\/schema\/logo\/image\/\",\"url\":\"https:\/\/gurathedrop.com\/wp-content\/uploads\/2025\/04\/GURALOGO_vectorizado-300x193-1-e1748981737259.png\",\"contentUrl\":\"https:\/\/gurathedrop.com\/wp-content\/uploads\/2025\/04\/GURALOGO_vectorizado-300x193-1-e1748981737259.png\",\"width\":200,\"height\":129,\"caption\":\"GURA\"},\"image\":{\"@id\":\"https:\/\/gurathedrop.com\/#\/schema\/logo\/image\/\"},\"sameAs\":[\"https:\/\/www.instagram.com\/gurathedrop\/\",\"https:\/\/www.tiktok.com\/@gurathedrop\"]}]}<\/script>\n<!-- \/ Yoast SEO plugin. -->","yoast_head_json":{"title":"Sobre nosotros - GURA","robots":{"index":"index","follow":"follow","max-snippet":"max-snippet:-1","max-image-preview":"max-image-preview:large","max-video-preview":"max-video-preview:-1"},"canonical":"https:\/\/gurathedrop.com\/es\/sobre-nosotros\/","og_locale":"es_ES","og_type":"article","og_title":"Sobre nosotros - GURA","og_description":"SOBRE NOSOTROS LEGADO Dise\u00f1ada para romper las reglas. Durante d\u00e9cadas, el dise\u00f1o de tablas de surf ha estado marcado por la tradici\u00f3n, y con raz\u00f3n. Ese legado nos ha tra\u00eddo hasta aqu\u00ed. Pero al igual que Andy Irons cambi\u00f3 la forma de entender el surf, creemos que ha llegado el momento de impulsar el dise\u00f1o [&hellip;]","og_url":"https:\/\/gurathedrop.com\/es\/sobre-nosotros\/","og_site_name":"GURA","article_modified_time":"2025-06-01T10:45:48+00:00","og_image":[{"width":1920,"height":2560,"url":"https:\/\/gurathedrop.com\/wp-content\/uploads\/2025\/05\/IMG_2880-scaled.jpg","type":"image\/jpeg"}],"twitter_card":"summary_large_image","twitter_misc":{"Tiempo de lectura":"2 minutos"},"schema":{"@context":"https:\/\/schema.org","@graph":[{"@type":"WebPage","@id":"https:\/\/gurathedrop.com\/sobre-nosotros\/","url":"https:\/\/gurathedrop.com\/sobre-nosotros\/","name":"Sobre nosotros - GURA","isPartOf":{"@id":"https:\/\/gurathedrop.com\/#website"},"primaryImageOfPage":{"@id":"https:\/\/gurathedrop.com\/sobre-nosotros\/#primaryimage"},"image":{"@id":"https:\/\/gurathedrop.com\/sobre-nosotros\/#primaryimage"},"thumbnailUrl":"https:\/\/gurathedrop.com\/wp-content\/uploads\/2025\/05\/IMG_2880-768x1024.jpg","datePublished":"2025-04-14T16:42:05+00:00","dateModified":"2025-06-01T10:45:48+00:00","breadcrumb":{"@id":"https:\/\/gurathedrop.com\/sobre-nosotros\/#breadcrumb"},"inLanguage":"es","potentialAction":[{"@type":"ReadAction","target":["https:\/\/gurathedrop.com\/sobre-nosotros\/"]}]},{"@type":"ImageObject","inLanguage":"es","@id":"https:\/\/gurathedrop.com\/sobre-nosotros\/#primaryimage","url":"https:\/\/gurathedrop.com\/wp-content\/uploads\/2025\/05\/IMG_2880-768x1024.jpg","contentUrl":"https:\/\/gurathedrop.com\/wp-content\/uploads\/2025\/05\/IMG_2880-768x1024.jpg"},{"@type":"BreadcrumbList","@id":"https:\/\/gurathedrop.com\/sobre-nosotros\/#breadcrumb","itemListElement":[{"@type":"ListItem","position":1,"name":"Portada","item":"https:\/\/gurathedrop.com\/"},{"@type":"ListItem","position":2,"name":"Sobre nosotros"}]},{"@type":"WebSite","@id":"https:\/\/gurathedrop.com\/#website","url":"https:\/\/gurathedrop.com\/","name":"GURA","description":"","publisher":{"@id":"https:\/\/gurathedrop.com\/#organization"},"potentialAction":[{"@type":"SearchAction","target":{"@type":"EntryPoint","urlTemplate":"https:\/\/gurathedrop.com\/?s={search_term_string}"},"query-input":{"@type":"PropertyValueSpecification","valueRequired":true,"valueName":"search_term_string"}}],"inLanguage":"es"},{"@type":"Organization","@id":"https:\/\/gurathedrop.com\/#organization","name":"GURA","url":"https:\/\/gurathedrop.com\/","logo":{"@type":"ImageObject","inLanguage":"es","@id":"https:\/\/gurathedrop.com\/#\/schema\/logo\/image\/","url":"https:\/\/gurathedrop.com\/wp-content\/uploads\/2025\/04\/GURALOGO_vectorizado-300x193-1-e1748981737259.png","contentUrl":"https:\/\/gurathedrop.com\/wp-content\/uploads\/2025\/04\/GURALOGO_vectorizado-300x193-1-e1748981737259.png","width":200,"height":129,"caption":"GURA"},"image":{"@id":"https:\/\/gurathedrop.com\/#\/schema\/logo\/image\/"},"sameAs":["https:\/\/www.instagram.com\/gurathedrop\/","https:\/\/www.tiktok.com\/@gurathedrop"]}]}},"_links":{"self":[{"href":"https:\/\/gurathedrop.com\/es\/wp-json\/wp\/v2\/pages\/2560","targetHints":{"allow":["GET"]}}],"collection":[{"href":"https:\/\/gurathedrop.com\/es\/wp-json\/wp\/v2\/pages"}],"about":[{"href":"https:\/\/gurathedrop.com\/es\/wp-json\/wp\/v2\/types\/page"}],"author":[{"embeddable":true,"href":"https:\/\/gurathedrop.com\/es\/wp-json\/wp\/v2\/users\/1"}],"replies":[{"embeddable":true,"href":"https:\/\/gurathedrop.com\/es\/wp-json\/wp\/v2\/comments?post=2560"}],"version-history":[{"count":129,"href":"https:\/\/gurathedrop.com\/es\/wp-json\/wp\/v2\/pages\/2560\/revisions"}],"predecessor-version":[{"id":4017,"href":"https:\/\/gurathedrop.com\/es\/wp-json\/wp\/v2\/pages\/2560\/revisions\/4017"}],"wp:attachment":[{"href":"https:\/\/gurathedrop.com\/es\/wp-json\/wp\/v2\/media?parent=2560"}],"curies":[{"name":"wp","href":"https:\/\/api.w.org\/{rel}","templated":true}]}}