{"id":2564,"date":"2025-04-14T16:42:41","date_gmt":"2025-04-14T16:42:41","guid":{"rendered":"https:\/\/prueba.gurathedrop.com\/?page_id=2564"},"modified":"2025-06-04T15:59:37","modified_gmt":"2025-06-04T15:59:37","slug":"contacto","status":"publish","type":"page","link":"https:\/\/gurathedrop.com\/es\/contacto\/","title":{"rendered":"Contacto"},"content":{"rendered":"\t\t<div data-elementor-type=\"wp-page\" data-elementor-id=\"2564\" class=\"elementor elementor-2564\" data-elementor-post-type=\"page\">\n\t\t\t\t<div class=\"elementor-element elementor-element-14f5919b e-con-full e-flex e-con e-parent\" data-id=\"14f5919b\" data-element_type=\"container\" data-settings=\"{&quot;background_background&quot;:&quot;classic&quot;}\">\n\t\t<div class=\"elementor-element elementor-element-68c40f22 e-con-full e-flex e-con e-child\" data-id=\"68c40f22\" data-element_type=\"container\">\n\t\t\t\t<div class=\"elementor-element elementor-element-5b80e993 elementor-widget elementor-widget-heading\" data-id=\"5b80e993\" data-element_type=\"widget\" data-widget_type=\"heading.default\">\n\t\t\t\t<div class=\"elementor-widget-container\">\n\t\t\t\t\t<h1 class=\"elementor-heading-title elementor-size-default\">Contacto<\/h1>\t\t\t\t<\/div>\n\t\t\t\t<\/div>\n\t\t\t\t<div class=\"elementor-element elementor-element-2b501601 elementor-widget elementor-widget-text-editor\" data-id=\"2b501601\" data-element_type=\"widget\" data-widget_type=\"text-editor.default\">\n\t\t\t\t<div class=\"elementor-widget-container\">\n\t\t\t\t\t\t\t\t\t<p>\u00bfTienes alguna pregunta? Ponte en contacto con nosotros.<\/p>\t\t\t\t\t\t\t\t<\/div>\n\t\t\t\t<\/div>\n\t\t\t\t<\/div>\n\t\t<div class=\"elementor-element elementor-element-7dab6251 e-con-full e-flex e-con e-child\" data-id=\"7dab6251\" data-element_type=\"container\">\n\t\t\t\t<div class=\"elementor-element elementor-element-f1f24fe elementor-button-align-stretch elementor-widget elementor-widget-form\" data-id=\"f1f24fe\" data-element_type=\"widget\" data-settings=\"{&quot;step_next_label&quot;:&quot;Next&quot;,&quot;step_previous_label&quot;:&quot;Previous&quot;,&quot;button_width&quot;:&quot;100&quot;,&quot;step_type&quot;:&quot;number_text&quot;,&quot;step_icon_shape&quot;:&quot;circle&quot;}\" data-widget_type=\"form.default\">\n\t\t\t\t<div class=\"elementor-widget-container\">\n\t\t\t\t\t\t\t<form class=\"elementor-form\" method=\"post\" name=\"Contacto GURA\">\n\t\t\t<input type=\"hidden\" name=\"post_id\" value=\"2564\"\/>\n\t\t\t<input type=\"hidden\" name=\"form_id\" value=\"f1f24fe\"\/>\n\t\t\t<input type=\"hidden\" name=\"referer_title\" value=\"Contacto - GURA\" \/>\n\n\t\t\t\t\t\t\t<input type=\"hidden\" name=\"queried_id\" value=\"2564\"\/>\n\t\t\t\n\t\t\t<div class=\"elementor-form-fields-wrapper elementor-labels-above\">\n\t\t\t\t\t\t\t\t<div class=\"elementor-field-type-text elementor-field-group elementor-column elementor-field-group-name elementor-col-100\">\n\t\t\t\t\t\t\t\t\t\t\t\t<label for=\"form-field-name\" class=\"elementor-field-label\">\n\t\t\t\t\t\t\t\tNombre\t\t\t\t\t\t\t<\/label>\n\t\t\t\t\t\t\t\t\t\t\t\t\t\t<input size=\"1\" type=\"text\" name=\"form_fields[name]\" id=\"form-field-name\" class=\"elementor-field elementor-size-sm  elementor-field-textual\" placeholder=\"Nombre\">\n\t\t\t\t\t\t\t\t\t\t\t<\/div>\n\t\t\t\t\t\t\t\t<div class=\"elementor-field-type-email elementor-field-group elementor-column elementor-field-group-email elementor-col-100 elementor-field-required\">\n\t\t\t\t\t\t\t\t\t\t\t\t<label for=\"form-field-email\" class=\"elementor-field-label\">\n\t\t\t\t\t\t\t\tEmail\t\t\t\t\t\t\t<\/label>\n\t\t\t\t\t\t\t\t\t\t\t\t\t\t<input size=\"1\" type=\"email\" name=\"form_fields[email]\" id=\"form-field-email\" class=\"elementor-field elementor-size-sm  elementor-field-textual\" placeholder=\"Email\" required=\"required\" aria-required=\"true\">\n\t\t\t\t\t\t\t\t\t\t\t<\/div>\n\t\t\t\t\t\t\t\t<div class=\"elementor-field-type-textarea elementor-field-group elementor-column elementor-field-group-message elementor-col-100\">\n\t\t\t\t\t\t\t\t\t\t\t\t<label for=\"form-field-message\" class=\"elementor-field-label\">\n\t\t\t\t\t\t\t\tMensaje\t\t\t\t\t\t\t<\/label>\n\t\t\t\t\t\t<textarea class=\"elementor-field-textual elementor-field  elementor-size-sm\" name=\"form_fields[message]\" id=\"form-field-message\" rows=\"4\" placeholder=\"Mensaje\"><\/textarea>\t\t\t\t<\/div>\n\t\t\t\t\t\t\t\t<div class=\"elementor-field-type-recaptcha_v3 elementor-field-group elementor-column elementor-field-group-field_5084c4e elementor-col-100 recaptcha_v3-inline\">\n\t\t\t\t\t<div class=\"elementor-field\" id=\"form-field-field_5084c4e\"><div class=\"elementor-g-recaptcha\" data-sitekey=\"6LebDEorAAAAAMPXMaTV27ylm5o6__po881UBX9w\" data-type=\"v3\" data-action=\"Form\" data-badge=\"inline\" data-size=\"invisible\"><\/div><\/div>\t\t\t\t<\/div>\n\t\t\t\t\t\t\t\t<div class=\"elementor-field-type-text\">\n\t\t\t\t\t<input size=\"1\" type=\"text\" name=\"form_fields[field_185c41c]\" id=\"form-field-field_185c41c\" class=\"elementor-field elementor-size-sm \" style=\"display:none !important;\">\t\t\t\t<\/div>\n\t\t\t\t\t\t\t\t<div class=\"elementor-field-group elementor-column elementor-field-type-submit elementor-col-100 e-form__buttons\">\n\t\t\t\t\t<button class=\"elementor-button elementor-size-sm\" type=\"submit\">\n\t\t\t\t\t\t<span class=\"elementor-button-content-wrapper\">\n\t\t\t\t\t\t\t\t\t\t\t\t\t\t\t\t\t\t\t\t\t\t<span class=\"elementor-button-text\">Enviar<\/span>\n\t\t\t\t\t\t\t\t\t\t\t\t\t<\/span>\n\t\t\t\t\t<\/button>\n\t\t\t\t<\/div>\n\t\t\t<\/div>\n\t\t<\/form>\n\t\t\t\t\t\t<\/div>\n\t\t\t\t<\/div>\n\t\t\t\t<\/div>\n\t\t\t\t<\/div>\n\t\t<div class=\"elementor-element elementor-element-17afb587 e-con-full e-flex e-con e-parent\" data-id=\"17afb587\" data-element_type=\"container\" data-settings=\"{&quot;background_background&quot;:&quot;classic&quot;}\">\n\t\t<div class=\"elementor-element elementor-element-1177f4cd e-con-full e-flex e-con e-child\" data-id=\"1177f4cd\" data-element_type=\"container\">\n\t\t\t\t<div class=\"elementor-element elementor-element-36b72f42 elementor-widget elementor-widget-google_maps\" data-id=\"36b72f42\" data-element_type=\"widget\" data-widget_type=\"google_maps.default\">\n\t\t\t\t<div class=\"elementor-widget-container\">\n\t\t\t\t\t\t\t<div class=\"elementor-custom-embed\">\n\t\t\t<iframe loading=\"lazy\"\n\t\t\t\t\tsrc=\"https:\/\/maps.google.com\/maps?q=Portugalete%20%7C%20Mar%C3%ADa%20D%C3%ADaz%20de%20Haro%20Kalea%2C%2068&#038;t=m&#038;z=17&#038;output=embed&#038;iwloc=near\"\n\t\t\t\t\ttitle=\"Portugalete | Mar\u00eda D\u00edaz de Haro Kalea, 68\"\n\t\t\t\t\taria-label=\"Portugalete | Mar\u00eda D\u00edaz de Haro Kalea, 68\"\n\t\t\t><\/iframe>\n\t\t<\/div>\n\t\t\t\t\t\t<\/div>\n\t\t\t\t<\/div>\n\t\t\t\t<\/div>\n\t\t<div class=\"elementor-element elementor-element-c2b6bc4 e-con-full e-flex e-con e-child\" data-id=\"c2b6bc4\" data-element_type=\"container\">\n\t\t\t\t<div class=\"elementor-element elementor-element-1a84536f elementor-align-left elementor-icon-list--layout-traditional elementor-list-item-link-full_width elementor-widget elementor-widget-icon-list\" data-id=\"1a84536f\" data-element_type=\"widget\" data-widget_type=\"icon-list.default\">\n\t\t\t\t<div class=\"elementor-widget-container\">\n\t\t\t\t\t\t\t<ul class=\"elementor-icon-list-items\">\n\t\t\t\t\t\t\t<li class=\"elementor-icon-list-item\">\n\t\t\t\t\t\t\t\t\t\t<span class=\"elementor-icon-list-text\"><b>Direcci\u00f3n:<\/b> <ul style=\"box-sizing: inherit; font-size: 15px; font-style: normal; font-weight: 400; margin-bottom: 0px; margin-left: 0px; list-style-type: none; color: rgb(141, 141, 141); font-family: &quot;Open Sans&quot;, sans-serif; white-space-collapse: collapse;\"><li style=\"box-sizing: inherit; font-size: 15px; transition: 0.2s linear;\"><a href=\"https:\/\/gurathedrop.com\/hjhiuunlni\/?elementor-preview=2482&amp;ver=1744649096#\" style=\"box-sizing: inherit; color: rgb(15, 15, 15); transition-property: all;\">Portugalete|Mar\u00eda D\u00edaz de Haro Kalea, 6<\/a>8<\/li><\/ul><\/span>\n\t\t\t\t\t\t\t\t\t<\/li>\n\t\t\t\t\t\t\t\t<li class=\"elementor-icon-list-item\">\n\t\t\t\t\t\t\t\t\t\t<span class=\"elementor-icon-list-text\"><b>Email:<\/b> wearegura@gmail.com<\/span>\n\t\t\t\t\t\t\t\t\t<\/li>\n\t\t\t\t\t\t<\/ul>\n\t\t\t\t\t\t<\/div>\n\t\t\t\t<\/div>\n\t\t\t\t<\/div>\n\t\t\t\t<\/div>\n\t\t\t\t<\/div>\n\t\t","protected":false},"excerpt":{"rendered":"<p>Contacto \u00bfTienes alguna pregunta? Ponte en contacto con nosotros. Direcci\u00f3n: Portugalete|Mar\u00eda D\u00edaz de Haro Kalea, 68 Email: wearegura@gmail.com<\/p>\n","protected":false},"author":1,"featured_media":0,"parent":0,"menu_order":0,"comment_status":"closed","ping_status":"closed","template":"","meta":{"site-sidebar-layout":"no-sidebar","site-content-layout":"page-builder","ast-site-content-layout":"full-width-container","site-content-style":"default","site-sidebar-style":"default","ast-global-header-display":"","ast-banner-title-visibility":"","ast-main-header-display":"","ast-hfb-above-header-display":"","ast-hfb-below-header-display":"","ast-hfb-mobile-header-display":"","site-post-title":"disabled","ast-breadcrumbs-content":"","ast-featured-img":"disabled","footer-sml-layout":"","theme-transparent-header-meta":"","adv-header-id-meta":"","stick-header-meta":"","header-above-stick-meta":"","header-main-stick-meta":"","header-below-stick-meta":"","astra-migrate-meta-layouts":"set","ast-page-background-enabled":"default","ast-page-background-meta":{"desktop":{"background-color":"","background-image":"","background-repeat":"repeat","background-position":"center center","background-size":"auto","background-attachment":"scroll","background-type":"","background-media":"","overlay-type":"","overlay-color":"","overlay-opacity":"","overlay-gradient":""},"tablet":{"background-color":"","background-image":"","background-repeat":"repeat","background-position":"center center","background-size":"auto","background-attachment":"scroll","background-type":"","background-media":"","overlay-type":"","overlay-color":"","overlay-opacity":"","overlay-gradient":""},"mobile":{"background-color":"","background-image":"","background-repeat":"repeat","background-position":"center center","background-size":"auto","background-attachment":"scroll","background-type":"","background-media":"","overlay-type":"","overlay-color":"","overlay-opacity":"","overlay-gradient":""}},"ast-content-background-meta":{"desktop":{"background-color":"var(--ast-global-color-5)","background-image":"","background-repeat":"repeat","background-position":"center center","background-size":"auto","background-attachment":"scroll","background-type":"","background-media":"","overlay-type":"","overlay-color":"","overlay-opacity":"","overlay-gradient":""},"tablet":{"background-color":"var(--ast-global-color-5)","background-image":"","background-repeat":"repeat","background-position":"center center","background-size":"auto","background-attachment":"scroll","background-type":"","background-media":"","overlay-type":"","overlay-color":"","overlay-opacity":"","overlay-gradient":""},"mobile":{"background-color":"var(--ast-global-color-5)","background-image":"","background-repeat":"repeat","background-position":"center center","background-size":"auto","background-attachment":"scroll","background-type":"","background-media":"","overlay-type":"","overlay-color":"","overlay-opacity":"","overlay-gradient":""}},"footnotes":""},"class_list":["post-2564","page","type-page","status-publish","hentry"],"yoast_head":"<!-- This site is optimized with the Yoast SEO plugin v25.1 - https:\/\/yoast.com\/wordpress\/plugins\/seo\/ -->\n<title>Contacto - GURA<\/title>\n<meta name=\"robots\" content=\"index, follow, max-snippet:-1, max-image-preview:large, max-video-preview:-1\" \/>\n<link rel=\"canonical\" href=\"https:\/\/gurathedrop.com\/es\/contacto\/\" \/>\n<meta property=\"og:locale\" content=\"es_ES\" \/>\n<meta property=\"og:type\" content=\"article\" \/>\n<meta property=\"og:title\" content=\"Contacto - GURA\" \/>\n<meta property=\"og:description\" content=\"Contacto \u00bfTienes alguna pregunta? Ponte en contacto con nosotros. Direcci\u00f3n: Portugalete|Mar\u00eda D\u00edaz de Haro Kalea, 68 Email: wearegura@gmail.com\" \/>\n<meta property=\"og:url\" content=\"https:\/\/gurathedrop.com\/es\/contacto\/\" \/>\n<meta property=\"og:site_name\" content=\"GURA\" \/>\n<meta property=\"article:modified_time\" content=\"2025-06-04T15:59:37+00:00\" \/>\n<meta name=\"twitter:card\" content=\"summary_large_image\" \/>\n<script type=\"application\/ld+json\" class=\"yoast-schema-graph\">{\"@context\":\"https:\/\/schema.org\",\"@graph\":[{\"@type\":\"WebPage\",\"@id\":\"https:\/\/gurathedrop.com\/contacto\/\",\"url\":\"https:\/\/gurathedrop.com\/contacto\/\",\"name\":\"Contacto - GURA\",\"isPartOf\":{\"@id\":\"https:\/\/gurathedrop.com\/#website\"},\"datePublished\":\"2025-04-14T16:42:41+00:00\",\"dateModified\":\"2025-06-04T15:59:37+00:00\",\"breadcrumb\":{\"@id\":\"https:\/\/gurathedrop.com\/contacto\/#breadcrumb\"},\"inLanguage\":\"es\",\"potentialAction\":[{\"@type\":\"ReadAction\",\"target\":[\"https:\/\/gurathedrop.com\/contacto\/\"]}]},{\"@type\":\"BreadcrumbList\",\"@id\":\"https:\/\/gurathedrop.com\/contacto\/#breadcrumb\",\"itemListElement\":[{\"@type\":\"ListItem\",\"position\":1,\"name\":\"Portada\",\"item\":\"https:\/\/gurathedrop.com\/\"},{\"@type\":\"ListItem\",\"position\":2,\"name\":\"Contacto\"}]},{\"@type\":\"WebSite\",\"@id\":\"https:\/\/gurathedrop.com\/#website\",\"url\":\"https:\/\/gurathedrop.com\/\",\"name\":\"GURA\",\"description\":\"\",\"publisher\":{\"@id\":\"https:\/\/gurathedrop.com\/#organization\"},\"potentialAction\":[{\"@type\":\"SearchAction\",\"target\":{\"@type\":\"EntryPoint\",\"urlTemplate\":\"https:\/\/gurathedrop.com\/?s={search_term_string}\"},\"query-input\":{\"@type\":\"PropertyValueSpecification\",\"valueRequired\":true,\"valueName\":\"search_term_string\"}}],\"inLanguage\":\"es\"},{\"@type\":\"Organization\",\"@id\":\"https:\/\/gurathedrop.com\/#organization\",\"name\":\"GURA\",\"url\":\"https:\/\/gurathedrop.com\/\",\"logo\":{\"@type\":\"ImageObject\",\"inLanguage\":\"es\",\"@id\":\"https:\/\/gurathedrop.com\/#\/schema\/logo\/image\/\",\"url\":\"https:\/\/gurathedrop.com\/wp-content\/uploads\/2025\/04\/GURALOGO_vectorizado-300x193-1-e1748981737259.png\",\"contentUrl\":\"https:\/\/gurathedrop.com\/wp-content\/uploads\/2025\/04\/GURALOGO_vectorizado-300x193-1-e1748981737259.png\",\"width\":200,\"height\":129,\"caption\":\"GURA\"},\"image\":{\"@id\":\"https:\/\/gurathedrop.com\/#\/schema\/logo\/image\/\"},\"sameAs\":[\"https:\/\/www.instagram.com\/gurathedrop\/\",\"https:\/\/www.tiktok.com\/@gurathedrop\"]}]}<\/script>\n<!-- \/ Yoast SEO plugin. -->","yoast_head_json":{"title":"Contacto - GURA","robots":{"index":"index","follow":"follow","max-snippet":"max-snippet:-1","max-image-preview":"max-image-preview:large","max-video-preview":"max-video-preview:-1"},"canonical":"https:\/\/gurathedrop.com\/es\/contacto\/","og_locale":"es_ES","og_type":"article","og_title":"Contacto - GURA","og_description":"Contacto \u00bfTienes alguna pregunta? Ponte en contacto con nosotros. Direcci\u00f3n: Portugalete|Mar\u00eda D\u00edaz de Haro Kalea, 68 Email: wearegura@gmail.com","og_url":"https:\/\/gurathedrop.com\/es\/contacto\/","og_site_name":"GURA","article_modified_time":"2025-06-04T15:59:37+00:00","twitter_card":"summary_large_image","schema":{"@context":"https:\/\/schema.org","@graph":[{"@type":"WebPage","@id":"https:\/\/gurathedrop.com\/contacto\/","url":"https:\/\/gurathedrop.com\/contacto\/","name":"Contacto - GURA","isPartOf":{"@id":"https:\/\/gurathedrop.com\/#website"},"datePublished":"2025-04-14T16:42:41+00:00","dateModified":"2025-06-04T15:59:37+00:00","breadcrumb":{"@id":"https:\/\/gurathedrop.com\/contacto\/#breadcrumb"},"inLanguage":"es","potentialAction":[{"@type":"ReadAction","target":["https:\/\/gurathedrop.com\/contacto\/"]}]},{"@type":"BreadcrumbList","@id":"https:\/\/gurathedrop.com\/contacto\/#breadcrumb","itemListElement":[{"@type":"ListItem","position":1,"name":"Portada","item":"https:\/\/gurathedrop.com\/"},{"@type":"ListItem","position":2,"name":"Contacto"}]},{"@type":"WebSite","@id":"https:\/\/gurathedrop.com\/#website","url":"https:\/\/gurathedrop.com\/","name":"GURA","description":"","publisher":{"@id":"https:\/\/gurathedrop.com\/#organization"},"potentialAction":[{"@type":"SearchAction","target":{"@type":"EntryPoint","urlTemplate":"https:\/\/gurathedrop.com\/?s={search_term_string}"},"query-input":{"@type":"PropertyValueSpecification","valueRequired":true,"valueName":"search_term_string"}}],"inLanguage":"es"},{"@type":"Organization","@id":"https:\/\/gurathedrop.com\/#organization","name":"GURA","url":"https:\/\/gurathedrop.com\/","logo":{"@type":"ImageObject","inLanguage":"es","@id":"https:\/\/gurathedrop.com\/#\/schema\/logo\/image\/","url":"https:\/\/gurathedrop.com\/wp-content\/uploads\/2025\/04\/GURALOGO_vectorizado-300x193-1-e1748981737259.png","contentUrl":"https:\/\/gurathedrop.com\/wp-content\/uploads\/2025\/04\/GURALOGO_vectorizado-300x193-1-e1748981737259.png","width":200,"height":129,"caption":"GURA"},"image":{"@id":"https:\/\/gurathedrop.com\/#\/schema\/logo\/image\/"},"sameAs":["https:\/\/www.instagram.com\/gurathedrop\/","https:\/\/www.tiktok.com\/@gurathedrop"]}]}},"_links":{"self":[{"href":"https:\/\/gurathedrop.com\/es\/wp-json\/wp\/v2\/pages\/2564","targetHints":{"allow":["GET"]}}],"collection":[{"href":"https:\/\/gurathedrop.com\/es\/wp-json\/wp\/v2\/pages"}],"about":[{"href":"https:\/\/gurathedrop.com\/es\/wp-json\/wp\/v2\/types\/page"}],"author":[{"embeddable":true,"href":"https:\/\/gurathedrop.com\/es\/wp-json\/wp\/v2\/users\/1"}],"replies":[{"embeddable":true,"href":"https:\/\/gurathedrop.com\/es\/wp-json\/wp\/v2\/comments?post=2564"}],"version-history":[{"count":54,"href":"https:\/\/gurathedrop.com\/es\/wp-json\/wp\/v2\/pages\/2564\/revisions"}],"predecessor-version":[{"id":4143,"href":"https:\/\/gurathedrop.com\/es\/wp-json\/wp\/v2\/pages\/2564\/revisions\/4143"}],"wp:attachment":[{"href":"https:\/\/gurathedrop.com\/es\/wp-json\/wp\/v2\/media?parent=2564"}],"curies":[{"name":"wp","href":"https:\/\/api.w.org\/{rel}","templated":true}]}}