{"id":3826,"date":"2025-05-31T09:46:09","date_gmt":"2025-05-31T09:46:09","guid":{"rendered":"https:\/\/gurathedrop.com\/?post_type=product&#038;p=3826"},"modified":"2025-06-22T21:11:30","modified_gmt":"2025-06-22T21:11:30","slug":"gura-wear","status":"publish","type":"product","link":"https:\/\/gurathedrop.com\/es\/producto\/gura-wear\/","title":{"rendered":"Lamia Edition"},"content":{"rendered":"<p>Lamia no es solo el nombre de nuestra tabla, es una declaraci\u00f3n de intenciones.<\/p>\n<p>Inspirada en las Lamias, seres mitol\u00f3gicos vascos ligados al agua, conocidos por su belleza y fuerza sobrenatural, esta camiseta celebra la tradici\u00f3n y su v\u00ednculo con el mar.<\/p>\n<p>Adem\u00e1s, presenta una tipograf\u00eda h\u00edbrida, resultado de la fusi\u00f3n entre nuestra tipograf\u00eda original y los rasgos caracter\u00edsticos de la tipograf\u00eda tradicional vasca.<\/p>\n<p>&nbsp;<\/p>\n","protected":false},"excerpt":{"rendered":"<p><!-- Descripci\u00f3n --><\/p>\n<p>Inspirada en las Lamias, esta camiseta representa: ra\u00edces, mar y car\u00e1cter.<\/p>\n<p><strong>DESCRIPCI\u00d3N:<\/strong><\/p>\n<ul>\n<li>Corte oversize Premium<\/li>\n<li>Para mujeres y hombres<\/li>\n<li>Incre\u00edblemente suave, confeccionada con algod\u00f3n 100% org\u00e1nico para uso diario<\/li>\n<li>Serigraf\u00eda<\/li>\n<\/ul>\n<p><!-- AVISO DE PRE-ORDER --><\/p>\n<div style=\"background-color: #fff3cd; color: #856404; border: 1px solid #ffeeba; padding: 12px 16px; margin-top: 20px; border-radius: 6px;\">\n  <strong>\u23f3 Pre-order disponible:<\/strong> esta camiseta se encuentra actualmente en <strong>pre-venta<\/strong>. El env\u00edo se realizar\u00e1 aproximadamente <strong>en un mes<\/strong> desde la fecha de compra.\n<\/div>\n<p><!-- Imagen descriptiva --><br \/>\n<img decoding=\"async\" class=\"wp-image-4253 aligncenter\" style=\"max-width: 800px; display: block; margin: auto;\" src=\"https:\/\/gurathedrop.com\/wp-content\/uploads\/2025\/05\/oferta_ACTUALIZADA.png\" alt=\"Tabla de precios camisetas GURA\" width=\"100%\" height=\"auto\" \/><\/p>\n<p><!-- Enlace clicable --><\/p>\n<div style=\"margin: 20px 0; text-align: left;\">\n  <a href=\"javascript:void(0);\" onclick=\"document.getElementById('sizeChartModal').style.display='block'\" \n     style=\"color: #007bff; text-decoration: underline; font-size: 15px; font-weight: 500; cursor: pointer;\"><br \/>\n    \ud83d\udccf Gu\u00eda de tallas<br \/>\n  <\/a>\n<\/div>\n<p><!-- Modal --><\/p>\n<div id=\"sizeChartModal\" style=\"display: none; position: fixed; z-index: 1000; left: 0; top: 0; width: 100%; height: 100%; overflow: auto; background-color: rgba(0,0,0,0.6);\">\n<div style=\"background-color: white; margin: 5% auto; padding: 20px; width: 90%; max-width: 600px; border-radius: 8px; position: relative;\">\n<p>    <!-- Bot\u00f3n cerrar --><br \/>\n    <span onclick=\"document.getElementById('sizeChartModal').style.display='none'\" \n          style=\"position: absolute; top: 10px; right: 15px; font-size: 22px; font-weight: bold; cursor: pointer;\">\u00d7<\/span><\/p>\n<h3 style=\"margin-top: 0; text-align: center;\">Gu\u00eda de tallas<\/h3>\n<p>    <!-- Imagen gu\u00eda --><br \/>\n    <img decoding=\"async\" style=\"width: 100%; max-width: 500px; margin: 0 auto 20px; display: block;\" \n         src=\"https:\/\/gurathedrop.com\/wp-content\/uploads\/2025\/06\/Guia-de-tallas-1.png\" \n         alt=\"Gu\u00eda de medidas camiseta\" \/><\/p>\n<p>    <!-- Tabla de tallas --><\/p>\n<table style=\"width: 100%; border-collapse: collapse; text-align: center;\">\n<thead>\n<tr style=\"background-color: #000; color: #fff;\">\n<th style=\"padding: 8px;\">Talla<\/th>\n<th style=\"padding: 8px;\">A (cm)<\/th>\n<th style=\"padding: 8px;\">B (cm)<\/th>\n<\/tr>\n<\/thead>\n<tbody>\n<tr>\n<td>XXS<\/td>\n<td>49<\/td>\n<td>67<\/td>\n<\/tr>\n<tr>\n<td>XS<\/td>\n<td>52<\/td>\n<td>69<\/td>\n<\/tr>\n<tr>\n<td>S<\/td>\n<td>55<\/td>\n<td>71<\/td>\n<\/tr>\n<tr>\n<td>M<\/td>\n<td>58<\/td>\n<td>73<\/td>\n<\/tr>\n<tr>\n<td>L<\/td>\n<td>61<\/td>\n<td>75<\/td>\n<\/tr>\n<tr>\n<td>XL<\/td>\n<td>64<\/td>\n<td>77<\/td>\n<\/tr>\n<tr>\n<td>XXL<\/td>\n<td>67<\/td>\n<td>79<\/td>\n<\/tr>\n<\/tbody>\n<\/table><\/div>\n<\/div>\n","protected":false},"featured_media":4189,"comment_status":"open","ping_status":"closed","template":"","meta":{"site-sidebar-layout":"default","site-content-layout":"","ast-site-content-layout":"default","site-content-style":"default","site-sidebar-style":"default","ast-global-header-display":"","ast-banner-title-visibility":"","ast-main-header-display":"","ast-hfb-above-header-display":"","ast-hfb-below-header-display":"","ast-hfb-mobile-header-display":"","site-post-title":"","ast-breadcrumbs-content":"","ast-featured-img":"","footer-sml-layout":"","theme-transparent-header-meta":"default","adv-header-id-meta":"","stick-header-meta":"","header-above-stick-meta":"","header-main-stick-meta":"","header-below-stick-meta":"","astra-migrate-meta-layouts":"set","ast-page-background-enabled":"default","ast-page-background-meta":{"desktop":{"background-color":"","background-image":"","background-repeat":"repeat","background-position":"center center","background-size":"auto","background-attachment":"scroll","background-type":"","background-media":"","overlay-type":"","overlay-color":"","overlay-opacity":"","overlay-gradient":""},"tablet":{"background-color":"","background-image":"","background-repeat":"repeat","background-position":"center center","background-size":"auto","background-attachment":"scroll","background-type":"","background-media":"","overlay-type":"","overlay-color":"","overlay-opacity":"","overlay-gradient":""},"mobile":{"background-color":"","background-image":"","background-repeat":"repeat","background-position":"center center","background-size":"auto","background-attachment":"scroll","background-type":"","background-media":"","overlay-type":"","overlay-color":"","overlay-opacity":"","overlay-gradient":""}},"ast-content-background-meta":{"desktop":{"background-color":"var(--ast-global-color-5)","background-image":"","background-repeat":"repeat","background-position":"center center","background-size":"auto","background-attachment":"scroll","background-type":"","background-media":"","overlay-type":"","overlay-color":"","overlay-opacity":"","overlay-gradient":""},"tablet":{"background-color":"var(--ast-global-color-5)","background-image":"","background-repeat":"repeat","background-position":"center center","background-size":"auto","background-attachment":"scroll","background-type":"","background-media":"","overlay-type":"","overlay-color":"","overlay-opacity":"","overlay-gradient":""},"mobile":{"background-color":"var(--ast-global-color-5)","background-image":"","background-repeat":"repeat","background-position":"center center","background-size":"auto","background-attachment":"scroll","background-type":"","background-media":"","overlay-type":"","overlay-color":"","overlay-opacity":"","overlay-gradient":""}}},"product_brand":[],"product_cat":[36,35],"product_tag":[],"class_list":{"0":"post-3826","1":"product","2":"type-product","3":"status-publish","4":"has-post-thumbnail","6":"product_cat-lamia-edition","7":"product_cat-wear","8":"product_shipping_class-camiseta","9":"desktop-align-left","10":"tablet-align-left","11":"mobile-align-center","13":"first","14":"outofstock","15":"taxable","16":"shipping-taxable","17":"purchasable","18":"product-type-variable"},"yoast_head":"<!-- This site is optimized with the Yoast SEO plugin v25.1 - https:\/\/yoast.com\/wordpress\/plugins\/seo\/ -->\n<title>Lamia Edition - GURA<\/title>\n<meta name=\"robots\" content=\"index, follow, max-snippet:-1, max-image-preview:large, max-video-preview:-1\" \/>\n<link rel=\"canonical\" href=\"https:\/\/gurathedrop.com\/es\/producto\/gura-wear\/\" \/>\n<meta property=\"og:locale\" content=\"es_ES\" \/>\n<meta property=\"og:type\" content=\"article\" \/>\n<meta property=\"og:title\" content=\"Lamia Edition - GURA\" \/>\n<meta property=\"og:description\" content=\"Inspirada en las Lamias, esta camiseta representa: ra\u00edces, mar y car\u00e1cter.  DESCRIPCI\u00d3N:   Corte oversize Premium  Para mujeres y hombres  Incre\u00edblemente suave, confeccionada con algod\u00f3n 100% org\u00e1nico para uso diario  Serigraf\u00eda      \u23f3 Pre-order disponible: esta camiseta se encuentra actualmente en pre-venta. El env\u00edo se realizar\u00e1 aproximadamente en un mes desde la fecha de compra.            \ud83d\udccf Gu\u00eda de tallas                 \u00d7      Gu\u00eda de tallas                             Talla      A (cm)      B (cm)                  XXS4967     XS5269     S5571     M5873     L6175     XL6477     XXL6779\" \/>\n<meta property=\"og:url\" content=\"https:\/\/gurathedrop.com\/es\/producto\/gura-wear\/\" \/>\n<meta property=\"og:site_name\" content=\"GURA\" \/>\n<meta property=\"article:modified_time\" content=\"2025-06-22T21:11:30+00:00\" \/>\n<meta property=\"og:image\" content=\"https:\/\/gurathedrop.com\/wp-content\/uploads\/2025\/05\/Blanco-Azul-parte-trasera-576x1024.png\" \/>\n\t<meta property=\"og:image:width\" content=\"576\" \/>\n\t<meta property=\"og:image:height\" content=\"1024\" \/>\n\t<meta property=\"og:image:type\" content=\"image\/png\" \/>\n<meta name=\"twitter:card\" content=\"summary_large_image\" \/>\n<meta name=\"twitter:label1\" content=\"Tiempo de lectura\" \/>\n\t<meta name=\"twitter:data1\" content=\"1 minuto\" \/>\n<script type=\"application\/ld+json\" class=\"yoast-schema-graph\">{\"@context\":\"https:\/\/schema.org\",\"@graph\":[{\"@type\":\"WebPage\",\"@id\":\"https:\/\/gurathedrop.com\/producto\/gura-wear\/\",\"url\":\"https:\/\/gurathedrop.com\/producto\/gura-wear\/\",\"name\":\"Lamia Edition - GURA\",\"isPartOf\":{\"@id\":\"https:\/\/gurathedrop.com\/#website\"},\"primaryImageOfPage\":{\"@id\":\"https:\/\/gurathedrop.com\/producto\/gura-wear\/#primaryimage\"},\"image\":{\"@id\":\"https:\/\/gurathedrop.com\/producto\/gura-wear\/#primaryimage\"},\"thumbnailUrl\":\"https:\/\/gurathedrop.com\/wp-content\/uploads\/2025\/05\/Blanco-Azul-parte-trasera.png\",\"datePublished\":\"2025-05-31T09:46:09+00:00\",\"dateModified\":\"2025-06-22T21:11:30+00:00\",\"breadcrumb\":{\"@id\":\"https:\/\/gurathedrop.com\/producto\/gura-wear\/#breadcrumb\"},\"inLanguage\":\"es\",\"potentialAction\":[{\"@type\":\"ReadAction\",\"target\":[\"https:\/\/gurathedrop.com\/producto\/gura-wear\/\"]}]},{\"@type\":\"ImageObject\",\"inLanguage\":\"es\",\"@id\":\"https:\/\/gurathedrop.com\/producto\/gura-wear\/#primaryimage\",\"url\":\"https:\/\/gurathedrop.com\/wp-content\/uploads\/2025\/05\/Blanco-Azul-parte-trasera.png\",\"contentUrl\":\"https:\/\/gurathedrop.com\/wp-content\/uploads\/2025\/05\/Blanco-Azul-parte-trasera.png\",\"width\":1080,\"height\":1920},{\"@type\":\"BreadcrumbList\",\"@id\":\"https:\/\/gurathedrop.com\/producto\/gura-wear\/#breadcrumb\",\"itemListElement\":[{\"@type\":\"ListItem\",\"position\":1,\"name\":\"Portada\",\"item\":\"https:\/\/gurathedrop.com\/\"},{\"@type\":\"ListItem\",\"position\":2,\"name\":\"Tienda\",\"item\":\"https:\/\/gurathedrop.com\/tienda\/\"},{\"@type\":\"ListItem\",\"position\":3,\"name\":\"Lamia Edition\"}]},{\"@type\":\"WebSite\",\"@id\":\"https:\/\/gurathedrop.com\/#website\",\"url\":\"https:\/\/gurathedrop.com\/\",\"name\":\"GURA\",\"description\":\"\",\"publisher\":{\"@id\":\"https:\/\/gurathedrop.com\/#organization\"},\"potentialAction\":[{\"@type\":\"SearchAction\",\"target\":{\"@type\":\"EntryPoint\",\"urlTemplate\":\"https:\/\/gurathedrop.com\/?s={search_term_string}\"},\"query-input\":{\"@type\":\"PropertyValueSpecification\",\"valueRequired\":true,\"valueName\":\"search_term_string\"}}],\"inLanguage\":\"es\"},{\"@type\":\"Organization\",\"@id\":\"https:\/\/gurathedrop.com\/#organization\",\"name\":\"GURA\",\"url\":\"https:\/\/gurathedrop.com\/\",\"logo\":{\"@type\":\"ImageObject\",\"inLanguage\":\"es\",\"@id\":\"https:\/\/gurathedrop.com\/#\/schema\/logo\/image\/\",\"url\":\"https:\/\/gurathedrop.com\/wp-content\/uploads\/2025\/04\/GURALOGO_vectorizado-300x193-1-e1748981737259.png\",\"contentUrl\":\"https:\/\/gurathedrop.com\/wp-content\/uploads\/2025\/04\/GURALOGO_vectorizado-300x193-1-e1748981737259.png\",\"width\":200,\"height\":129,\"caption\":\"GURA\"},\"image\":{\"@id\":\"https:\/\/gurathedrop.com\/#\/schema\/logo\/image\/\"},\"sameAs\":[\"https:\/\/www.instagram.com\/gurathedrop\/\",\"https:\/\/www.tiktok.com\/@gurathedrop\"]}]}<\/script>\n<!-- \/ Yoast SEO plugin. -->","yoast_head_json":{"title":"Lamia Edition - GURA","robots":{"index":"index","follow":"follow","max-snippet":"max-snippet:-1","max-image-preview":"max-image-preview:large","max-video-preview":"max-video-preview:-1"},"canonical":"https:\/\/gurathedrop.com\/es\/producto\/gura-wear\/","og_locale":"es_ES","og_type":"article","og_title":"Lamia Edition - GURA","og_description":"Inspirada en las Lamias, esta camiseta representa: ra\u00edces, mar y car\u00e1cter.  DESCRIPCI\u00d3N:   Corte oversize Premium  Para mujeres y hombres  Incre\u00edblemente suave, confeccionada con algod\u00f3n 100% org\u00e1nico para uso diario  Serigraf\u00eda      \u23f3 Pre-order disponible: esta camiseta se encuentra actualmente en pre-venta. El env\u00edo se realizar\u00e1 aproximadamente en un mes desde la fecha de compra.            \ud83d\udccf Gu\u00eda de tallas                 \u00d7      Gu\u00eda de tallas                             Talla      A (cm)      B (cm)                  XXS4967     XS5269     S5571     M5873     L6175     XL6477     XXL6779","og_url":"https:\/\/gurathedrop.com\/es\/producto\/gura-wear\/","og_site_name":"GURA","article_modified_time":"2025-06-22T21:11:30+00:00","og_image":[{"width":576,"height":1024,"url":"https:\/\/gurathedrop.com\/wp-content\/uploads\/2025\/05\/Blanco-Azul-parte-trasera-576x1024.png","type":"image\/png"}],"twitter_card":"summary_large_image","twitter_misc":{"Tiempo de lectura":"1 minuto"},"schema":{"@context":"https:\/\/schema.org","@graph":[{"@type":"WebPage","@id":"https:\/\/gurathedrop.com\/producto\/gura-wear\/","url":"https:\/\/gurathedrop.com\/producto\/gura-wear\/","name":"Lamia Edition - GURA","isPartOf":{"@id":"https:\/\/gurathedrop.com\/#website"},"primaryImageOfPage":{"@id":"https:\/\/gurathedrop.com\/producto\/gura-wear\/#primaryimage"},"image":{"@id":"https:\/\/gurathedrop.com\/producto\/gura-wear\/#primaryimage"},"thumbnailUrl":"https:\/\/gurathedrop.com\/wp-content\/uploads\/2025\/05\/Blanco-Azul-parte-trasera.png","datePublished":"2025-05-31T09:46:09+00:00","dateModified":"2025-06-22T21:11:30+00:00","breadcrumb":{"@id":"https:\/\/gurathedrop.com\/producto\/gura-wear\/#breadcrumb"},"inLanguage":"es","potentialAction":[{"@type":"ReadAction","target":["https:\/\/gurathedrop.com\/producto\/gura-wear\/"]}]},{"@type":"ImageObject","inLanguage":"es","@id":"https:\/\/gurathedrop.com\/producto\/gura-wear\/#primaryimage","url":"https:\/\/gurathedrop.com\/wp-content\/uploads\/2025\/05\/Blanco-Azul-parte-trasera.png","contentUrl":"https:\/\/gurathedrop.com\/wp-content\/uploads\/2025\/05\/Blanco-Azul-parte-trasera.png","width":1080,"height":1920},{"@type":"BreadcrumbList","@id":"https:\/\/gurathedrop.com\/producto\/gura-wear\/#breadcrumb","itemListElement":[{"@type":"ListItem","position":1,"name":"Portada","item":"https:\/\/gurathedrop.com\/"},{"@type":"ListItem","position":2,"name":"Tienda","item":"https:\/\/gurathedrop.com\/tienda\/"},{"@type":"ListItem","position":3,"name":"Lamia Edition"}]},{"@type":"WebSite","@id":"https:\/\/gurathedrop.com\/#website","url":"https:\/\/gurathedrop.com\/","name":"GURA","description":"","publisher":{"@id":"https:\/\/gurathedrop.com\/#organization"},"potentialAction":[{"@type":"SearchAction","target":{"@type":"EntryPoint","urlTemplate":"https:\/\/gurathedrop.com\/?s={search_term_string}"},"query-input":{"@type":"PropertyValueSpecification","valueRequired":true,"valueName":"search_term_string"}}],"inLanguage":"es"},{"@type":"Organization","@id":"https:\/\/gurathedrop.com\/#organization","name":"GURA","url":"https:\/\/gurathedrop.com\/","logo":{"@type":"ImageObject","inLanguage":"es","@id":"https:\/\/gurathedrop.com\/#\/schema\/logo\/image\/","url":"https:\/\/gurathedrop.com\/wp-content\/uploads\/2025\/04\/GURALOGO_vectorizado-300x193-1-e1748981737259.png","contentUrl":"https:\/\/gurathedrop.com\/wp-content\/uploads\/2025\/04\/GURALOGO_vectorizado-300x193-1-e1748981737259.png","width":200,"height":129,"caption":"GURA"},"image":{"@id":"https:\/\/gurathedrop.com\/#\/schema\/logo\/image\/"},"sameAs":["https:\/\/www.instagram.com\/gurathedrop\/","https:\/\/www.tiktok.com\/@gurathedrop"]}]}},"_links":{"self":[{"href":"https:\/\/gurathedrop.com\/es\/wp-json\/wp\/v2\/product\/3826","targetHints":{"allow":["GET"]}}],"collection":[{"href":"https:\/\/gurathedrop.com\/es\/wp-json\/wp\/v2\/product"}],"about":[{"href":"https:\/\/gurathedrop.com\/es\/wp-json\/wp\/v2\/types\/product"}],"replies":[{"embeddable":true,"href":"https:\/\/gurathedrop.com\/es\/wp-json\/wp\/v2\/comments?post=3826"}],"wp:featuredmedia":[{"embeddable":true,"href":"https:\/\/gurathedrop.com\/es\/wp-json\/wp\/v2\/media\/4189"}],"wp:attachment":[{"href":"https:\/\/gurathedrop.com\/es\/wp-json\/wp\/v2\/media?parent=3826"}],"wp:term":[{"taxonomy":"product_brand","embeddable":true,"href":"https:\/\/gurathedrop.com\/es\/wp-json\/wp\/v2\/product_brand?post=3826"},{"taxonomy":"product_cat","embeddable":true,"href":"https:\/\/gurathedrop.com\/es\/wp-json\/wp\/v2\/product_cat?post=3826"},{"taxonomy":"product_tag","embeddable":true,"href":"https:\/\/gurathedrop.com\/es\/wp-json\/wp\/v2\/product_tag?post=3826"}],"curies":[{"name":"wp","href":"https:\/\/api.w.org\/{rel}","templated":true}]}}